{"id":70,"date":"2025-10-13T19:43:49","date_gmt":"2025-10-13T17:43:49","guid":{"rendered":"https:\/\/tv.usac.edu.gt\/?page_id=70"},"modified":"2025-10-13T19:43:50","modified_gmt":"2025-10-13T17:43:50","slug":"base-legal","status":"publish","type":"page","link":"https:\/\/tv.usac.edu.gt\/?page_id=70","title":{"rendered":"BASE LEGAL"},"content":{"rendered":"\n<div class=\"wp-block-columns is-layout-flex wp-container-core-columns-is-layout-9d6595d7 wp-block-columns-is-layout-flex\">\n<div class=\"wp-block-column is-layout-flow wp-block-column-is-layout-flow\">\n<p>El <strong>Acuerdo Ministerial N\u00famero 5-90<\/strong> del Ministerio de Comunicaciones, Transporte y Obras P\u00fablicas, fechado el <strong>30 de noviembre de 1990<\/strong>, establece en su <strong>Art\u00edculo 1\u00ba<\/strong>:<\/p>\n\n\n\n<p>\u201cOtorgar a la UNIVERSIDAD DE SAN CARLOS DE GUATEMALA concesi\u00f3n para instalar y operar una estaci\u00f3n radioel\u00e9ctrica para servicio de televisi\u00f3n con car\u00e1cter cultural-educativo, por el t\u00e9rmino de VEINTICINCO (25) A\u00d1OS, asign\u00e1ndole las frecuencias 585.250 MHz para imagen y 589.750 MHz para sonido, correspondientes al canal 33 de televisi\u00f3n, a instalarse en la Ciudad Universitaria, en el Departamento de Guatemala.\u201d<\/p>\n<\/div>\n\n\n\n<div class=\"wp-block-column is-layout-flow wp-block-column-is-layout-flow\"><\/div>\n<\/div>\n\n\n\n<p><\/p>\n","protected":false},"excerpt":{"rendered":"<p>El Acuerdo Ministerial N\u00famero 5-90 del Ministerio de Comunicaciones, Transporte y Obras P\u00fablicas, fechado el 30 de noviembre de 1990, establece en su Art\u00edculo 1\u00ba: \u201cOtorgar a la UNIVERSIDAD DE SAN CARLOS DE GUATEMALA concesi\u00f3n para instalar y operar una estaci\u00f3n radioel\u00e9ctrica para servicio de televisi\u00f3n con car\u00e1cter cultural-educativo, por el t\u00e9rmino de VEINTICINCO (25) [&hellip;]<\/p>\n","protected":false},"author":1,"featured_media":0,"parent":0,"menu_order":0,"comment_status":"closed","ping_status":"closed","template":"","meta":{"iawp_total_views":3,"footnotes":""},"class_list":["post-70","page","type-page","status-publish","czr-hentry"],"_links":{"self":[{"href":"https:\/\/tv.usac.edu.gt\/index.php?rest_route=\/wp\/v2\/pages\/70","targetHints":{"allow":["GET"]}}],"collection":[{"href":"https:\/\/tv.usac.edu.gt\/index.php?rest_route=\/wp\/v2\/pages"}],"about":[{"href":"https:\/\/tv.usac.edu.gt\/index.php?rest_route=\/wp\/v2\/types\/page"}],"author":[{"embeddable":true,"href":"https:\/\/tv.usac.edu.gt\/index.php?rest_route=\/wp\/v2\/users\/1"}],"replies":[{"embeddable":true,"href":"https:\/\/tv.usac.edu.gt\/index.php?rest_route=%2Fwp%2Fv2%2Fcomments&post=70"}],"version-history":[{"count":1,"href":"https:\/\/tv.usac.edu.gt\/index.php?rest_route=\/wp\/v2\/pages\/70\/revisions"}],"predecessor-version":[{"id":71,"href":"https:\/\/tv.usac.edu.gt\/index.php?rest_route=\/wp\/v2\/pages\/70\/revisions\/71"}],"wp:attachment":[{"href":"https:\/\/tv.usac.edu.gt\/index.php?rest_route=%2Fwp%2Fv2%2Fmedia&parent=70"}],"curies":[{"name":"wp","href":"https:\/\/api.w.org\/{rel}","templated":true}]}}