{"id":34,"date":"2025-09-25T17:39:14","date_gmt":"2025-09-25T15:39:14","guid":{"rendered":"https:\/\/tv.usac.edu.gt\/?page_id=34"},"modified":"2025-10-13T19:38:27","modified_gmt":"2025-10-13T17:38:27","slug":"historia","status":"publish","type":"page","link":"https:\/\/tv.usac.edu.gt\/?page_id=34","title":{"rendered":"HISTORIA"},"content":{"rendered":"\n<hr class=\"wp-block-separator has-alpha-channel-opacity\"\/>\n\n\n\n<div class=\"wp-block-columns are-vertically-aligned-center is-layout-flex wp-container-core-columns-is-layout-9d6595d7 wp-block-columns-is-layout-flex\">\n<div class=\"wp-block-column is-vertically-aligned-center is-layout-flow wp-block-column-is-layout-flow\" style=\"flex-basis:33%\">\n<h1 class=\"wp-block-heading has-text-align-right has-luminous-vivid-amber-color has-text-color has-link-color wp-elements-9073e0843a38e0c1fe95e5cee38d2271\" style=\"font-size:40px\"><img loading=\"lazy\" decoding=\"async\" width=\"40\" height=\"48\" class=\"wp-image-66\" style=\"width: 40px;\" src=\"http:\/\/tv.usac.edu.gt\/wp-content\/uploads\/2025\/10\/Recurso-2-1.png\" alt=\"\" srcset=\"https:\/\/tv.usac.edu.gt\/wp-content\/uploads\/2025\/10\/Recurso-2-1.png 661w, https:\/\/tv.usac.edu.gt\/wp-content\/uploads\/2025\/10\/Recurso-2-1-248x300.png 248w, https:\/\/tv.usac.edu.gt\/wp-content\/uploads\/2025\/10\/Recurso-2-1-570x690.png 570w\" sizes=\"auto, (max-width: 40px) 100vw, 40px\" \/> <strong>Reconocimientos<\/strong><\/h1>\n<\/div>\n\n\n\n<div class=\"wp-block-column is-vertically-aligned-center is-layout-flow wp-block-column-is-layout-flow\" style=\"flex-basis:66%\">\n<p>Participaci\u00f3n en concursos internacionales como ATEI e ICARO, con producciones nominadas y premiadas.<\/p>\n<\/div>\n<\/div>\n\n\n\n<hr class=\"wp-block-separator has-alpha-channel-opacity\"\/>\n\n\n\n<div class=\"wp-block-columns is-layout-flex wp-container-core-columns-is-layout-9d6595d7 wp-block-columns-is-layout-flex\">\n<div class=\"wp-block-column is-vertically-aligned-center is-layout-flow wp-block-column-is-layout-flow\" style=\"flex-basis:33%\">\n<h1 class=\"wp-block-heading has-text-align-right has-text-color has-link-color wp-elements-15f8f25a841f38a9f10d184e55f148dd\" style=\"color:#0062ff;font-size:60px\">1989<\/h1>\n<\/div>\n\n\n\n<div class=\"wp-block-column is-vertically-aligned-center is-layout-flow wp-block-column-is-layout-flow\" style=\"flex-basis:66%\">\n<p>La USAC define dos pol\u00edticas clave: Democratizaci\u00f3n de la Educaci\u00f3n Superior y Fortalecimiento de la Extensi\u00f3n Universitaria. Surge la idea de crear un canal universitario.<\/p>\n<\/div>\n<\/div>\n\n\n\n<div class=\"wp-block-columns is-layout-flex wp-container-core-columns-is-layout-9d6595d7 wp-block-columns-is-layout-flex\">\n<div class=\"wp-block-column is-vertically-aligned-center is-layout-flow wp-block-column-is-layout-flow\" style=\"flex-basis:33%\">\n<h1 class=\"wp-block-heading has-text-align-right has-text-color has-link-color wp-elements-259ad785f3828d473708b828a9a7bdc8\" style=\"color:#0062ffb5;font-size:60px\">1990<\/h1>\n<\/div>\n\n\n\n<div class=\"wp-block-column is-vertically-aligned-center is-layout-flow wp-block-column-is-layout-flow\" style=\"flex-basis:66%\">\n<p>El Gobierno asigna la frecuencia UHF del Canal 33 a la USAC.<\/p>\n<\/div>\n<\/div>\n\n\n\n<div class=\"wp-block-columns is-layout-flex wp-container-core-columns-is-layout-9d6595d7 wp-block-columns-is-layout-flex\">\n<div class=\"wp-block-column is-vertically-aligned-center is-layout-flow wp-block-column-is-layout-flow\" style=\"flex-basis:33%\">\n<h1 class=\"wp-block-heading has-text-align-right has-text-color has-link-color wp-elements-0e3b6725290d32193d44beeba87583a8\" style=\"color:#0062ff;font-size:60px\">2001<\/h1>\n<\/div>\n\n\n\n<div class=\"wp-block-column is-vertically-aligned-center is-layout-flow wp-block-column-is-layout-flow\" style=\"flex-basis:66%\">\n<p>Con apoyo de FODIGUA y donaciones, inicia operaciones TV USAC, transmitiendo 4 horas diarias desde Cerro Alux.<\/p>\n<\/div>\n<\/div>\n\n\n\n<div class=\"wp-block-columns is-layout-flex wp-container-core-columns-is-layout-9d6595d7 wp-block-columns-is-layout-flex\">\n<div class=\"wp-block-column is-vertically-aligned-center is-layout-flow wp-block-column-is-layout-flow\" style=\"flex-basis:33%\">\n<h2 class=\"wp-block-heading has-text-align-right has-text-color has-link-color has-x-large-font-size wp-elements-3d790efc1210a4d844f0d75a86ca634c\" style=\"color:#0062ffb5\"><strong>ABRIL<\/strong><br>2001<\/h2>\n<\/div>\n\n\n\n<div class=\"wp-block-column is-vertically-aligned-center is-layout-flow wp-block-column-is-layout-flow\" style=\"flex-basis:66%\">\n<p>Se inaugura oficialmente el canal, ampliando a 8 horas diarias.<\/p>\n<\/div>\n<\/div>\n\n\n\n<div class=\"wp-block-columns is-layout-flex wp-container-core-columns-is-layout-9d6595d7 wp-block-columns-is-layout-flex\">\n<div class=\"wp-block-column is-vertically-aligned-center is-layout-flow wp-block-column-is-layout-flow\" style=\"flex-basis:33%\">\n<h2 class=\"wp-block-heading has-text-align-right has-text-color has-link-color has-x-large-font-size wp-elements-3c6b4316061153aa0bdfe1bcb8448358\" style=\"color:#0062ff\"><strong>SEPTIEMBRE<\/strong><br>2002<\/h2>\n<\/div>\n\n\n\n<div class=\"wp-block-column is-vertically-aligned-center is-layout-flow wp-block-column-is-layout-flow\" style=\"flex-basis:66%\">\n<p>Se trasladan al Centro Cultural Universitario. Se firman convenios internacionales y se expande la transmisi\u00f3n a 10 horas, luego a 24 horas continuas.<\/p>\n<\/div>\n<\/div>\n\n\n\n<p><\/p>\n","protected":false},"excerpt":{"rendered":"<p>Reconocimientos Participaci\u00f3n en concursos internacionales como ATEI e ICARO, con producciones nominadas y premiadas. 1989 La USAC define dos pol\u00edticas clave: Democratizaci\u00f3n de la Educaci\u00f3n Superior y Fortalecimiento de la Extensi\u00f3n Universitaria. Surge la idea de crear un canal universitario. 1990 El Gobierno asigna la frecuencia UHF del Canal 33 a la USAC. 2001 Con [&hellip;]<\/p>\n","protected":false},"author":1,"featured_media":0,"parent":0,"menu_order":0,"comment_status":"closed","ping_status":"closed","template":"","meta":{"iawp_total_views":19,"footnotes":""},"class_list":["post-34","page","type-page","status-publish","czr-hentry"],"_links":{"self":[{"href":"https:\/\/tv.usac.edu.gt\/index.php?rest_route=\/wp\/v2\/pages\/34","targetHints":{"allow":["GET"]}}],"collection":[{"href":"https:\/\/tv.usac.edu.gt\/index.php?rest_route=\/wp\/v2\/pages"}],"about":[{"href":"https:\/\/tv.usac.edu.gt\/index.php?rest_route=\/wp\/v2\/types\/page"}],"author":[{"embeddable":true,"href":"https:\/\/tv.usac.edu.gt\/index.php?rest_route=\/wp\/v2\/users\/1"}],"replies":[{"embeddable":true,"href":"https:\/\/tv.usac.edu.gt\/index.php?rest_route=%2Fwp%2Fv2%2Fcomments&post=34"}],"version-history":[{"count":11,"href":"https:\/\/tv.usac.edu.gt\/index.php?rest_route=\/wp\/v2\/pages\/34\/revisions"}],"predecessor-version":[{"id":67,"href":"https:\/\/tv.usac.edu.gt\/index.php?rest_route=\/wp\/v2\/pages\/34\/revisions\/67"}],"wp:attachment":[{"href":"https:\/\/tv.usac.edu.gt\/index.php?rest_route=%2Fwp%2Fv2%2Fmedia&parent=34"}],"curies":[{"name":"wp","href":"https:\/\/api.w.org\/{rel}","templated":true}]}}